{"id":10,"date":"2021-02-24T19:51:01","date_gmt":"2021-02-24T18:51:01","guid":{"rendered":"http:\/\/keramik-eller.de\/?page_id=10"},"modified":"2023-11-23T20:24:13","modified_gmt":"2023-11-23T19:24:13","slug":"biografie","status":"publish","type":"page","link":"http:\/\/keramik-eller.de\/?page_id=10","title":{"rendered":"Biografie"},"content":{"rendered":"\t\t<div data-elementor-type=\"wp-page\" data-elementor-id=\"10\" class=\"elementor elementor-10\" data-elementor-settings=\"[]\">\n\t\t\t\t\t\t\t<div class=\"elementor-section-wrap\">\n\t\t\t\t\t\t\t<section class=\"elementor-section elementor-top-section elementor-element elementor-element-87a6793 elementor-section-boxed elementor-section-height-default elementor-section-height-default\" data-id=\"87a6793\" data-element_type=\"section\">\n\t\t\t\t\t\t<div class=\"elementor-container elementor-column-gap-default\">\n\t\t\t\t\t<div class=\"elementor-column elementor-col-100 elementor-top-column elementor-element elementor-element-8040139\" data-id=\"8040139\" data-element_type=\"column\">\n\t\t\t<div class=\"elementor-widget-wrap elementor-element-populated\">\n\t\t\t\t\t\t\t\t<div class=\"elementor-element elementor-element-4f71216 elementor-widget elementor-widget-image\" data-id=\"4f71216\" data-element_type=\"widget\" data-widget_type=\"image.default\">\n\t\t\t\t<div class=\"elementor-widget-container\">\n\t\t\t\t\t<div class=\"elementor-image\">\n\t\t\t\t\t\t\t\t\t\t<img loading=\"lazy\" decoding=\"async\" width=\"1024\" height=\"501\" src=\"http:\/\/keramik-eller.de\/wp-content\/uploads\/2021\/02\/Biorafie-19-1024x501.png\" class=\"attachment-large size-large\" alt=\"\" srcset=\"http:\/\/keramik-eller.de\/wp-content\/uploads\/2021\/02\/Biorafie-19-1024x501.png 1024w, http:\/\/keramik-eller.de\/wp-content\/uploads\/2021\/02\/Biorafie-19-300x147.png 300w, http:\/\/keramik-eller.de\/wp-content\/uploads\/2021\/02\/Biorafie-19-768x376.png 768w, http:\/\/keramik-eller.de\/wp-content\/uploads\/2021\/02\/Biorafie-19-1536x752.png 1536w, http:\/\/keramik-eller.de\/wp-content\/uploads\/2021\/02\/Biorafie-19-2048x1002.png 2048w\" sizes=\"auto, (max-width: 1024px) 100vw, 1024px\" \/>\t\t\t\t\t\t\t\t\t\t\t<\/div>\n\t\t\t\t<\/div>\n\t\t\t\t<\/div>\n\t\t\t\t\t<\/div>\n\t\t<\/div>\n\t\t\t\t\t\t\t<\/div>\n\t\t<\/section>\n\t\t\t\t<section class=\"elementor-section elementor-top-section elementor-element elementor-element-264b0b2 elementor-section-boxed elementor-section-height-default elementor-section-height-default\" data-id=\"264b0b2\" data-element_type=\"section\">\n\t\t\t\t\t\t<div class=\"elementor-container elementor-column-gap-default\">\n\t\t\t\t\t<div class=\"elementor-column elementor-col-100 elementor-top-column elementor-element elementor-element-81276bf\" data-id=\"81276bf\" data-element_type=\"column\">\n\t\t\t<div class=\"elementor-widget-wrap elementor-element-populated\">\n\t\t\t\t\t\t\t\t<div class=\"elementor-element elementor-element-f01c9c0 elementor-hidden-tablet elementor-hidden-phone elementor-widget elementor-widget-text-editor\" data-id=\"f01c9c0\" data-element_type=\"widget\" data-widget_type=\"text-editor.default\">\n\t\t\t\t<div class=\"elementor-widget-container\">\n\t\t\t\t\t<div class=\"elementor-text-editor elementor-clearfix\"><p>Geboren bin ich 1966 in Obernzell, bei Passau. 1982 begann ich eine Ausbildung zum Keramiker bei Klaus Zacherl und Juliane Schilling in Obernzell. Meine Gesellenzeit absolvierte ich von 1986 &#8211; 1989 in verschiedenen Werkst\u00e4tten. Nach diesen Jahren setzte ich meine Ausbildung an der Meisterschule f\u00fcr Keramik in Landshut fort. Seit 1992 bin ich in meiner eigenen Werkstatt mit Laden in Obernzell t\u00e4tig. Dort stelle ich Geschirr, Gartenkeramik, Fliesen und Kacheln her. In den vergangenen Jahren nahm ich an zahlreichen T\u00f6pfer-, Keramik- und Kunsthandwerkerm\u00e4rkten teil.<\/p><\/div>\n\t\t\t\t<\/div>\n\t\t\t\t<\/div>\n\t\t\t\t\t<\/div>\n\t\t<\/div>\n\t\t\t\t\t\t\t<\/div>\n\t\t<\/section>\n\t\t\t\t<section class=\"elementor-section elementor-top-section elementor-element elementor-element-191bb06 elementor-section-boxed elementor-section-height-default elementor-section-height-default\" data-id=\"191bb06\" data-element_type=\"section\">\n\t\t\t\t\t\t<div class=\"elementor-container elementor-column-gap-default\">\n\t\t\t\t\t<div class=\"elementor-column elementor-col-100 elementor-top-column elementor-element elementor-element-098da29\" data-id=\"098da29\" data-element_type=\"column\">\n\t\t\t<div class=\"elementor-widget-wrap elementor-element-populated\">\n\t\t\t\t\t\t\t\t<div class=\"elementor-element elementor-element-32447d5 elementor-hidden-desktop elementor-hidden-tablet elementor-widget elementor-widget-text-editor\" data-id=\"32447d5\" data-element_type=\"widget\" data-widget_type=\"text-editor.default\">\n\t\t\t\t<div class=\"elementor-widget-container\">\n\t\t\t\t\t<div class=\"elementor-text-editor elementor-clearfix\"><p>Geboren bin ich 1966 in Obernzell, bei Passau.<\/p>\n<p>1982 begann ich eine Ausbildung zum Keramiker&nbsp;<\/p><p>bei<span style=\"font-style: inherit;\">&nbsp;Klaus Zacherl und Juliane Schilling in Obernzell.<\/span><\/p>\n<p>Meine Gesellenzeit absolvierte ich von 1986 &#8211; 1989&nbsp;<\/p>\n<p>in&nbsp;<span style=\"font-style: inherit;\">verschiedenen Werkst\u00e4tten. Nach diesen Jahren&nbsp;<\/span><\/p>\n<p>setzte ich meine Ausbildung an der Meisterschule&nbsp;<\/p><p><span style=\"font-style: inherit;\">f\u00fcr<\/span><span style=\"font-style: inherit;\">&nbsp;Keramik in Landshut fort. Seit 1992 bin ich in<\/span><\/p><p><span style=\"font-style: inherit;\">meiner&nbsp;<\/span><span style=\"font-style: inherit;\">eigenen Werkstatt mit Laden in Obernzell<\/span><\/p><p><span style=\"font-style: inherit;\">t\u00e4tig.&nbsp;<\/span><span style=\"font-style: inherit;\">Dort&nbsp;<\/span><span style=\"font-style: inherit;\">stelle ich Geschirr, Gartenkeramik und<\/span><\/p><p><span style=\"font-style: inherit;\">Objekte&nbsp;<\/span><span style=\"font-style: inherit;\">her. In den vergangenen Jahren nahm ich<\/span><span style=\"font-style: inherit;\">&nbsp;<\/span><\/p><p><span style=\"font-style: inherit;\">an&nbsp;<\/span><span style=\"font-style: inherit;\">zahlreichen T\u00f6pferm\u00e4rkten teil.<\/span><\/p><\/div>\n\t\t\t\t<\/div>\n\t\t\t\t<\/div>\n\t\t\t\t\t<\/div>\n\t\t<\/div>\n\t\t\t\t\t\t\t<\/div>\n\t\t<\/section>\n\t\t\t\t<section class=\"elementor-section elementor-top-section elementor-element elementor-element-4bb4333 elementor-section-boxed elementor-section-height-default elementor-section-height-default\" data-id=\"4bb4333\" data-element_type=\"section\">\n\t\t\t\t\t\t<div class=\"elementor-container elementor-column-gap-default\">\n\t\t\t\t\t<div class=\"elementor-column elementor-col-100 elementor-top-column elementor-element elementor-element-403a2c3\" data-id=\"403a2c3\" data-element_type=\"column\">\n\t\t\t<div class=\"elementor-widget-wrap elementor-element-populated\">\n\t\t\t\t\t\t\t\t<div class=\"elementor-element elementor-element-8d76769 elementor-widget elementor-widget-image\" data-id=\"8d76769\" data-element_type=\"widget\" data-widget_type=\"image.default\">\n\t\t\t\t<div class=\"elementor-widget-container\">\n\t\t\t\t\t<div class=\"elementor-image\">\n\t\t\t\t\t\t\t\t\t\t<img loading=\"lazy\" decoding=\"async\" width=\"1024\" height=\"680\" src=\"http:\/\/keramik-eller.de\/wp-content\/uploads\/2021\/03\/Biografie-1-1024x680.jpg\" class=\"attachment-large size-large\" alt=\"\" srcset=\"http:\/\/keramik-eller.de\/wp-content\/uploads\/2021\/03\/Biografie-1-1024x680.jpg 1024w, http:\/\/keramik-eller.de\/wp-content\/uploads\/2021\/03\/Biografie-1-300x199.jpg 300w, http:\/\/keramik-eller.de\/wp-content\/uploads\/2021\/03\/Biografie-1-768x510.jpg 768w, http:\/\/keramik-eller.de\/wp-content\/uploads\/2021\/03\/Biografie-1-1536x1021.jpg 1536w, http:\/\/keramik-eller.de\/wp-content\/uploads\/2021\/03\/Biografie-1-2048x1361.jpg 2048w\" sizes=\"auto, (max-width: 1024px) 100vw, 1024px\" \/>\t\t\t\t\t\t\t\t\t\t\t<\/div>\n\t\t\t\t<\/div>\n\t\t\t\t<\/div>\n\t\t\t\t\t<\/div>\n\t\t<\/div>\n\t\t\t\t\t\t\t<\/div>\n\t\t<\/section>\n\t\t\t\t<section class=\"elementor-section elementor-top-section elementor-element elementor-element-d8d59cb elementor-section-boxed elementor-section-height-default elementor-section-height-default\" data-id=\"d8d59cb\" data-element_type=\"section\">\n\t\t\t\t\t\t<div class=\"elementor-container elementor-column-gap-default\">\n\t\t\t\t\t<div class=\"elementor-column elementor-col-50 elementor-top-column elementor-element elementor-element-c8a4389\" data-id=\"c8a4389\" data-element_type=\"column\">\n\t\t\t<div class=\"elementor-widget-wrap elementor-element-populated\">\n\t\t\t\t\t\t\t\t<div class=\"elementor-element elementor-element-c5b6f19 elementor-widget elementor-widget-image\" data-id=\"c5b6f19\" data-element_type=\"widget\" data-widget_type=\"image.default\">\n\t\t\t\t<div class=\"elementor-widget-container\">\n\t\t\t\t\t<div class=\"elementor-image\">\n\t\t\t\t\t\t\t\t\t\t<img loading=\"lazy\" decoding=\"async\" width=\"768\" height=\"510\" src=\"http:\/\/keramik-eller.de\/wp-content\/uploads\/2021\/03\/Biografie-2-768x510.jpg\" class=\"attachment-medium_large size-medium_large\" alt=\"\" srcset=\"http:\/\/keramik-eller.de\/wp-content\/uploads\/2021\/03\/Biografie-2-768x510.jpg 768w, http:\/\/keramik-eller.de\/wp-content\/uploads\/2021\/03\/Biografie-2-300x199.jpg 300w, http:\/\/keramik-eller.de\/wp-content\/uploads\/2021\/03\/Biografie-2-1024x680.jpg 1024w, http:\/\/keramik-eller.de\/wp-content\/uploads\/2021\/03\/Biografie-2-1536x1021.jpg 1536w, http:\/\/keramik-eller.de\/wp-content\/uploads\/2021\/03\/Biografie-2-2048x1361.jpg 2048w\" sizes=\"auto, (max-width: 768px) 100vw, 768px\" \/>\t\t\t\t\t\t\t\t\t\t\t<\/div>\n\t\t\t\t<\/div>\n\t\t\t\t<\/div>\n\t\t\t\t\t<\/div>\n\t\t<\/div>\n\t\t\t\t<div class=\"elementor-column elementor-col-50 elementor-top-column elementor-element elementor-element-a836215\" data-id=\"a836215\" data-element_type=\"column\">\n\t\t\t<div class=\"elementor-widget-wrap elementor-element-populated\">\n\t\t\t\t\t\t\t\t<div class=\"elementor-element elementor-element-cdbf412 elementor-widget elementor-widget-image\" data-id=\"cdbf412\" data-element_type=\"widget\" data-widget_type=\"image.default\">\n\t\t\t\t<div class=\"elementor-widget-container\">\n\t\t\t\t\t<div class=\"elementor-image\">\n\t\t\t\t\t\t\t\t\t\t<img loading=\"lazy\" decoding=\"async\" width=\"768\" height=\"510\" src=\"http:\/\/keramik-eller.de\/wp-content\/uploads\/2021\/03\/Biografie-3-768x510.jpg\" class=\"attachment-medium_large size-medium_large\" alt=\"\" srcset=\"http:\/\/keramik-eller.de\/wp-content\/uploads\/2021\/03\/Biografie-3-768x510.jpg 768w, http:\/\/keramik-eller.de\/wp-content\/uploads\/2021\/03\/Biografie-3-300x199.jpg 300w, http:\/\/keramik-eller.de\/wp-content\/uploads\/2021\/03\/Biografie-3-1024x681.jpg 1024w, http:\/\/keramik-eller.de\/wp-content\/uploads\/2021\/03\/Biografie-3-1536x1021.jpg 1536w, http:\/\/keramik-eller.de\/wp-content\/uploads\/2021\/03\/Biografie-3-2048x1361.jpg 2048w\" sizes=\"auto, (max-width: 768px) 100vw, 768px\" \/>\t\t\t\t\t\t\t\t\t\t\t<\/div>\n\t\t\t\t<\/div>\n\t\t\t\t<\/div>\n\t\t\t\t\t<\/div>\n\t\t<\/div>\n\t\t\t\t\t\t\t<\/div>\n\t\t<\/section>\n\t\t\t\t<section class=\"elementor-section elementor-top-section elementor-element elementor-element-e89e12e elementor-section-boxed elementor-section-height-default elementor-section-height-default\" data-id=\"e89e12e\" data-element_type=\"section\">\n\t\t\t\t\t\t<div class=\"elementor-container elementor-column-gap-default\">\n\t\t\t\t\t<div class=\"elementor-column elementor-col-100 elementor-top-column elementor-element elementor-element-175ea06\" data-id=\"175ea06\" data-element_type=\"column\">\n\t\t\t<div class=\"elementor-widget-wrap elementor-element-populated\">\n\t\t\t\t\t\t\t\t<div class=\"elementor-element elementor-element-af93f13 elementor-widget elementor-widget-spacer\" data-id=\"af93f13\" data-element_type=\"widget\" data-widget_type=\"spacer.default\">\n\t\t\t\t<div class=\"elementor-widget-container\">\n\t\t\t\t\t<div class=\"elementor-spacer\">\n\t\t\t<div class=\"elementor-spacer-inner\"><\/div>\n\t\t<\/div>\n\t\t\t\t<\/div>\n\t\t\t\t<\/div>\n\t\t\t\t\t<\/div>\n\t\t<\/div>\n\t\t\t\t\t\t\t<\/div>\n\t\t<\/section>\n\t\t\t\t<section class=\"elementor-section elementor-top-section elementor-element elementor-element-93492d9 elementor-section-boxed elementor-section-height-default elementor-section-height-default\" data-id=\"93492d9\" data-element_type=\"section\">\n\t\t\t\t\t\t<div class=\"elementor-container elementor-column-gap-default\">\n\t\t\t\t\t<div class=\"elementor-column elementor-col-100 elementor-top-column elementor-element elementor-element-788c969\" data-id=\"788c969\" data-element_type=\"column\">\n\t\t\t<div class=\"elementor-widget-wrap elementor-element-populated\">\n\t\t\t\t\t\t\t\t<div class=\"elementor-element elementor-element-1176f1a elementor-widget elementor-widget-text-editor\" data-id=\"1176f1a\" data-element_type=\"widget\" data-widget_type=\"text-editor.default\">\n\t\t\t\t<div class=\"elementor-widget-container\">\n\t\t\t\t\t<div class=\"elementor-text-editor elementor-clearfix\"><p><a href=\"http:\/\/keramik-eller.de\/?page_id=670\">Impressum<\/a><\/p><p><a href=\"http:\/\/keramik-eller.de\/?page_id=678\">Datenschutzerkl\u00e4rung<\/a><\/p><p>Copyright 2021 Keramik Eller<\/p><p>Gestaltung: <a href=\"http:\/\/agathe-peter.de\" target=\"_blank\" rel=\"noopener\">Agathe Peter<\/a><\/p><\/div>\n\t\t\t\t<\/div>\n\t\t\t\t<\/div>\n\t\t\t\t\t<\/div>\n\t\t<\/div>\n\t\t\t\t\t\t\t<\/div>\n\t\t<\/section>\n\t\t\t\t\t\t<\/div>\n\t\t\t\t\t<\/div>\n\t\t","protected":false},"excerpt":{"rendered":"<p>Geboren bin ich 1966 in Obernzell, bei Passau. 1982 begann ich eine Ausbildung zum Keramiker bei Klaus Zacherl und Juliane Schilling in Obernzell. Meine Gesellenzeit absolvierte ich von 1986 &#8211; 1989 in verschiedenen Werkst\u00e4tten. Nach diesen Jahren setzte ich meine Ausbildung an der Meisterschule f\u00fcr Keramik in Landshut fort. Seit 1992 bin ich in meiner &hellip;<\/p>\n<p class=\"read-more\"> <a class=\"\" href=\"http:\/\/keramik-eller.de\/?page_id=10\"> <span class=\"screen-reader-text\">Biografie<\/span> Weiterlesen &raquo;<\/a><\/p>\n","protected":false},"author":1,"featured_media":0,"parent":0,"menu_order":0,"comment_status":"closed","ping_status":"closed","template":"","meta":{"footnotes":""},"class_list":["post-10","page","type-page","status-publish","hentry"],"yoast_head":"<!-- This site is optimized with the Yoast SEO plugin v15.9.1 - https:\/\/yoast.com\/wordpress\/plugins\/seo\/ -->\n<title>Biografie - Keramik Eller<\/title>\n<link rel=\"canonical\" href=\"http:\/\/keramik-eller.de\/?page_id=10\" \/>\n<meta property=\"og:locale\" content=\"de_DE\" \/>\n<meta property=\"og:type\" content=\"article\" \/>\n<meta property=\"og:title\" content=\"Biografie - Keramik Eller\" \/>\n<meta property=\"og:description\" content=\"Geboren bin ich 1966 in Obernzell, bei Passau. 1982 begann ich eine Ausbildung zum Keramiker bei Klaus Zacherl und Juliane Schilling in Obernzell. Meine Gesellenzeit absolvierte ich von 1986 &#8211; 1989 in verschiedenen Werkst\u00e4tten. Nach diesen Jahren setzte ich meine Ausbildung an der Meisterschule f\u00fcr Keramik in Landshut fort. Seit 1992 bin ich in meiner &hellip; Biografie Weiterlesen &raquo;\" \/>\n<meta property=\"og:url\" content=\"http:\/\/keramik-eller.de\/?page_id=10\" \/>\n<meta property=\"og:site_name\" content=\"Keramik Eller\" \/>\n<meta property=\"article:modified_time\" content=\"2023-11-23T19:24:13+00:00\" \/>\n<meta property=\"og:image\" content=\"http:\/\/keramik-eller.de\/wp-content\/uploads\/2021\/02\/Biorafie-19-1024x501.png\" \/>\n<meta name=\"twitter:card\" content=\"summary_large_image\" \/>\n<meta name=\"twitter:label1\" content=\"Gesch\u00e4tzte Lesezeit\">\n\t<meta name=\"twitter:data1\" content=\"2\u00a0Minuten\">\n<script type=\"application\/ld+json\" class=\"yoast-schema-graph\">{\"@context\":\"https:\/\/schema.org\",\"@graph\":[{\"@type\":[\"Person\",\"Organization\"],\"@id\":\"http:\/\/keramik-eller.de\/#\/schema\/person\/63575201caa5b769b3612ec66853b3a4\",\"name\":\"huberteller\",\"image\":{\"@type\":\"ImageObject\",\"@id\":\"http:\/\/keramik-eller.de\/#personlogo\",\"inLanguage\":\"de\",\"url\":\"https:\/\/secure.gravatar.com\/avatar\/a1ee2a4c6f2bd0e127cfdb0848f871cf0536a4b3a445604b5cabb16cb790244a?s=96&d=mm&r=g\",\"caption\":\"huberteller\"},\"logo\":{\"@id\":\"http:\/\/keramik-eller.de\/#personlogo\"},\"sameAs\":[\"http:\/\/keramik-eller.de\"]},{\"@type\":\"WebSite\",\"@id\":\"http:\/\/keramik-eller.de\/#website\",\"url\":\"http:\/\/keramik-eller.de\/\",\"name\":\"Keramik Eller\",\"description\":\"Hubert Eller Keramik\",\"publisher\":{\"@id\":\"http:\/\/keramik-eller.de\/#\/schema\/person\/63575201caa5b769b3612ec66853b3a4\"},\"potentialAction\":[{\"@type\":\"SearchAction\",\"target\":\"http:\/\/keramik-eller.de\/?s={search_term_string}\",\"query-input\":\"required name=search_term_string\"}],\"inLanguage\":\"de\"},{\"@type\":\"ImageObject\",\"@id\":\"http:\/\/keramik-eller.de\/?page_id=10#primaryimage\",\"inLanguage\":\"de\",\"url\":\"http:\/\/keramik-eller.de\/wp-content\/uploads\/2021\/02\/Biorafie-19.png\",\"width\":2097,\"height\":1026},{\"@type\":\"WebPage\",\"@id\":\"http:\/\/keramik-eller.de\/?page_id=10#webpage\",\"url\":\"http:\/\/keramik-eller.de\/?page_id=10\",\"name\":\"Biografie - Keramik Eller\",\"isPartOf\":{\"@id\":\"http:\/\/keramik-eller.de\/#website\"},\"primaryImageOfPage\":{\"@id\":\"http:\/\/keramik-eller.de\/?page_id=10#primaryimage\"},\"datePublished\":\"2021-02-24T18:51:01+00:00\",\"dateModified\":\"2023-11-23T19:24:13+00:00\",\"breadcrumb\":{\"@id\":\"http:\/\/keramik-eller.de\/?page_id=10#breadcrumb\"},\"inLanguage\":\"de\",\"potentialAction\":[{\"@type\":\"ReadAction\",\"target\":[\"http:\/\/keramik-eller.de\/?page_id=10\"]}]},{\"@type\":\"BreadcrumbList\",\"@id\":\"http:\/\/keramik-eller.de\/?page_id=10#breadcrumb\",\"itemListElement\":[{\"@type\":\"ListItem\",\"position\":1,\"item\":{\"@type\":\"WebPage\",\"@id\":\"http:\/\/keramik-eller.de\/\",\"url\":\"http:\/\/keramik-eller.de\/\",\"name\":\"Startseite\"}},{\"@type\":\"ListItem\",\"position\":2,\"item\":{\"@type\":\"WebPage\",\"@id\":\"http:\/\/keramik-eller.de\/?page_id=10\",\"url\":\"http:\/\/keramik-eller.de\/?page_id=10\",\"name\":\"Biografie\"}}]}]}<\/script>\n<!-- \/ Yoast SEO plugin. -->","_links":{"self":[{"href":"http:\/\/keramik-eller.de\/index.php?rest_route=\/wp\/v2\/pages\/10","targetHints":{"allow":["GET"]}}],"collection":[{"href":"http:\/\/keramik-eller.de\/index.php?rest_route=\/wp\/v2\/pages"}],"about":[{"href":"http:\/\/keramik-eller.de\/index.php?rest_route=\/wp\/v2\/types\/page"}],"author":[{"embeddable":true,"href":"http:\/\/keramik-eller.de\/index.php?rest_route=\/wp\/v2\/users\/1"}],"replies":[{"embeddable":true,"href":"http:\/\/keramik-eller.de\/index.php?rest_route=%2Fwp%2Fv2%2Fcomments&post=10"}],"version-history":[{"count":10,"href":"http:\/\/keramik-eller.de\/index.php?rest_route=\/wp\/v2\/pages\/10\/revisions"}],"predecessor-version":[{"id":1039,"href":"http:\/\/keramik-eller.de\/index.php?rest_route=\/wp\/v2\/pages\/10\/revisions\/1039"}],"wp:attachment":[{"href":"http:\/\/keramik-eller.de\/index.php?rest_route=%2Fwp%2Fv2%2Fmedia&parent=10"}],"curies":[{"name":"wp","href":"https:\/\/api.w.org\/{rel}","templated":true}]}}